{"id":951,"date":"2018-05-15T19:56:55","date_gmt":"2018-05-15T19:56:55","guid":{"rendered":"http:\/\/okupe.provisorio.ws\/hostel-em-sao-paulo\/?page_id=951"},"modified":"2021-09-16T03:25:44","modified_gmt":"2021-09-16T03:25:44","slug":"pacote-especiais","status":"publish","type":"page","link":"https:\/\/hxhotels.com.br\/fortune\/pacote-especiais\/?lang=pb","title":{"rendered":"Promo\u00e7\u00f5es"},"content":{"rendered":"<p>[et_pb_section fb_built=&#8221;1&#8243; fullwidth=&#8221;on&#8221; _builder_version=&#8221;4.10.7&#8243; hover_enabled=&#8221;0&#8243; custom_css_main_element=&#8221;height:auto !important;&#8221; global_colors_info=&#8221;{}&#8221; custom_margin=&#8221;-20px||||false|false&#8221; sticky_enabled=&#8221;0&#8243;][et_pb_fullwidth_header title=&#8221;%91:pb%93Promo\u00e7\u00f5es e Ofertas%91:en%93Promotions and Offers%91:%93&#8243; text_orientation=&#8221;center&#8221; _builder_version=&#8221;4.10.7&#8243; title_text_align=&#8221;center&#8221; content_text_align=&#8221;center&#8221; content_font_size=&#8221;19&#8243; subhead_font_size=&#8221;19&#8243; background_color=&#8221;rgba(229,229,229,0)&#8221; background_image=&#8221;https:\/\/hxhotels.com.br\/fortune\/wp-content\/uploads\/2021\/08\/smallchristin-hume-Hcfwew744z4-unsplash-1.jpg&#8221; custom_margin=&#8221;110px|||&#8221; custom_padding=&#8221;126px||129px|||&#8221; hover_enabled=&#8221;0&#8243; custom_css_main_element=&#8221; background-position: 0px -34px;||height:auto !important;&#8221; global_colors_info=&#8221;{}&#8221; button_one_text_size__hover_enabled=&#8221;off&#8221; button_two_text_size__hover_enabled=&#8221;off&#8221; button_one_text_color__hover_enabled=&#8221;off&#8221; button_two_text_color__hover_enabled=&#8221;off&#8221; button_one_border_width__hover_enabled=&#8221;off&#8221; button_two_border_width__hover_enabled=&#8221;off&#8221; button_one_border_color__hover_enabled=&#8221;off&#8221; button_two_border_color__hover_enabled=&#8221;off&#8221; button_one_border_radius__hover_enabled=&#8221;off&#8221; button_two_border_radius__hover_enabled=&#8221;off&#8221; button_one_letter_spacing__hover_enabled=&#8221;off&#8221; button_two_letter_spacing__hover_enabled=&#8221;off&#8221; button_one_bg_color__hover_enabled=&#8221;off&#8221; button_two_bg_color__hover_enabled=&#8221;off&#8221; sticky_enabled=&#8221;0&#8243; background_position=&#8221;bottom_center&#8221;][\/et_pb_fullwidth_header][\/et_pb_section][et_pb_section fb_built=&#8221;1&#8243; _builder_version=&#8221;3.22&#8243; global_colors_info=&#8221;{}&#8221;][et_pb_row column_structure=&#8221;1_3,2_3&#8243; _builder_version=&#8221;3.25&#8243; background_size=&#8221;initial&#8221; background_position=&#8221;top_left&#8221; background_repeat=&#8221;repeat&#8221; global_colors_info=&#8221;{}&#8221;][et_pb_column type=&#8221;1_3&#8243; _builder_version=&#8221;3.25&#8243; custom_padding=&#8221;|||&#8221; global_colors_info=&#8221;{}&#8221; custom_padding__hover=&#8221;|||&#8221;][et_pb_image src=&#8221;https:\/\/hxhotels.com.br\/fortune\/wp-content\/uploads\/2019\/04\/5off-selo-300&#215;300.png&#8221; align=&#8221;center&#8221; align_tablet=&#8221;center&#8221; align_phone=&#8221;&#8221; align_last_edited=&#8221;on|desktop&#8221; _builder_version=&#8221;3.23&#8243; max_width=&#8221;200px&#8221; global_colors_info=&#8221;{}&#8221;][\/et_pb_image][\/et_pb_column][et_pb_column type=&#8221;2_3&#8243; _builder_version=&#8221;3.25&#8243; custom_padding=&#8221;|||&#8221; global_colors_info=&#8221;{}&#8221; custom_padding__hover=&#8221;|||&#8221;][et_pb_text _builder_version=&#8221;4.10.7&#8243; custom_margin=&#8221;17px|||&#8221; hover_enabled=&#8221;0&#8243; global_colors_info=&#8221;{}&#8221; sticky_enabled=&#8221;0&#8243;]<\/p>\n<h3 style=\"font-size: 25px; margin-bottom: 20px;\">Reserva direta<\/h3>\n<p style=\"font-size: 18px;\">Al\u00e9m de sempre garantirmos a melhor tarifa dispon\u00edvel, agora voc\u00ea pode contar tamb\u00e9m com 5% de desconto para as reservas feitas diretamente na nossa central de reservas. Utilize o c\u00f3digo: <strong>HXLOVER<\/strong><\/p>\n<p>[\/et_pb_text][\/et_pb_column][\/et_pb_row][et_pb_row column_structure=&#8221;1_3,2_3&#8243; _builder_version=&#8221;3.25&#8243; background_size=&#8221;initial&#8221; background_position=&#8221;top_left&#8221; background_repeat=&#8221;repeat&#8221; global_colors_info=&#8221;{}&#8221;][et_pb_column type=&#8221;1_3&#8243; _builder_version=&#8221;3.25&#8243; custom_padding=&#8221;|||&#8221; global_colors_info=&#8221;{}&#8221; custom_padding__hover=&#8221;|||&#8221;][et_pb_image src=&#8221;https:\/\/h3hotel.com.br\/hotel\/wp-content\/uploads\/2016\/01\/10off-selo-300&#215;300.png&#8221; align=&#8221;center&#8221; align_tablet=&#8221;center&#8221; align_phone=&#8221;&#8221; align_last_edited=&#8221;on|desktop&#8221; _builder_version=&#8221;3.23&#8243; max_width=&#8221;200px&#8221; global_colors_info=&#8221;{}&#8221;][\/et_pb_image][\/et_pb_column][et_pb_column type=&#8221;2_3&#8243; _builder_version=&#8221;3.25&#8243; custom_padding=&#8221;|||&#8221; global_colors_info=&#8221;{}&#8221; custom_padding__hover=&#8221;|||&#8221;][et_pb_text _builder_version=&#8221;4.10.7&#8243; custom_margin=&#8221;17px|||&#8221; global_colors_info=&#8221;{}&#8221;]<\/p>\n<h3 style=\"font-size: 25px; margin-bottom: 20px;\">M\u00ednimo de 3 noites<\/h3>\n<p style=\"font-size: 18px;\">Temos uma excelente condi\u00e7\u00e3o para voc\u00ea que pretende ficar pelo menos 3 noites em nosso hotel! Se ainda tinha d\u00favidas sobre o tempo da sua estadia, agora tem um \u00f3timo motivo para ficar mais!<\/p>\n<p>[\/et_pb_text][\/et_pb_column][\/et_pb_row][\/et_pb_section]<\/p>","protected":false},"excerpt":{"rendered":"<p>Reserva direta Al\u00e9m de sempre garantirmos a melhor tarifa dispon\u00edvel, agora voc\u00ea pode contar tamb\u00e9m com 5% de desconto para as reservas feitas diretamente na nossa central de reservas. Utilize o c\u00f3digo: HXLOVERM\u00ednimo de 3 noites Temos uma excelente condi\u00e7\u00e3o para voc\u00ea que pretende ficar pelo menos 3 noites em nosso hotel! Se ainda tinha [&hellip;]<\/p>\n","protected":false},"author":1,"featured_media":0,"parent":0,"menu_order":0,"comment_status":"closed","ping_status":"closed","template":"","meta":{"_et_pb_use_builder":"on","_et_pb_old_content":"","_et_gb_content_width":""},"yoast_head":"<!-- This site is optimized with the Yoast SEO plugin v17.1 - https:\/\/yoast.com\/wordpress\/plugins\/seo\/ -->\n<title>Promo\u00e7\u00f5es - H4 Hotel Fortune Jardins<\/title>\n<meta name=\"robots\" content=\"index, follow, max-snippet:-1, max-image-preview:large, max-video-preview:-1\" \/>\n<link rel=\"canonical\" href=\"https:\/\/hxhotels.com.br\/fortune\/pacote-especiais\/?lang=en\" \/>\n<meta property=\"og:locale\" content=\"pt_BR\" \/>\n<meta property=\"og:type\" content=\"article\" \/>\n<meta property=\"og:title\" content=\"Promo\u00e7\u00f5es - H4 Hotel Fortune Jardins\" \/>\n<meta property=\"og:description\" content=\"Reserva direta Al\u00e9m de sempre garantirmos a melhor tarifa dispon\u00edvel, agora voc\u00ea pode contar tamb\u00e9m com 5% de desconto para as reservas feitas diretamente na nossa central de reservas. Utilize o c\u00f3digo: HXLOVERM\u00ednimo de 3 noites Temos uma excelente condi\u00e7\u00e3o para voc\u00ea que pretende ficar pelo menos 3 noites em nosso hotel! Se ainda tinha [&hellip;]\" \/>\n<meta property=\"og:url\" content=\"https:\/\/hxhotels.com.br\/fortune\/pacote-especiais\/?lang=en\" \/>\n<meta property=\"og:site_name\" content=\"H4 Hotel Fortune Jardins\" \/>\n<meta property=\"article:modified_time\" content=\"2021-09-16T03:25:44+00:00\" \/>\n<meta name=\"twitter:card\" content=\"summary\" \/>\n<meta name=\"twitter:label1\" content=\"Est. tempo de leitura\" \/>\n\t<meta name=\"twitter:data1\" content=\"3 minutos\" \/>\n<script type=\"application\/ld+json\" class=\"yoast-schema-graph\">{\"@context\":\"https:\/\/schema.org\",\"@graph\":[{\"@type\":\"WebSite\",\"@id\":\"https:\/\/hxhotels.com.br\/fortune\/#website\",\"url\":\"https:\/\/hxhotels.com.br\/fortune\/\",\"name\":\"H4 Hotel Fortune Jardins\",\"description\":\"Hotel em S\\u00e3o Paulo - Jardins\",\"potentialAction\":[{\"@type\":\"SearchAction\",\"target\":{\"@type\":\"EntryPoint\",\"urlTemplate\":\"https:\/\/hxhotels.com.br\/fortune\/?s={search_term_string}\"},\"query-input\":\"required name=search_term_string\"}],\"inLanguage\":\"pt-BR\"},{\"@type\":\"WebPage\",\"@id\":\"https:\/\/hxhotels.com.br\/fortune\/pacote-especiais\/?lang=en#webpage\",\"url\":\"https:\/\/hxhotels.com.br\/fortune\/pacote-especiais\/?lang=en\",\"name\":\"Promo\\u00e7\\u00f5es - H4 Hotel Fortune Jardins\",\"isPartOf\":{\"@id\":\"https:\/\/hxhotels.com.br\/fortune\/#website\"},\"datePublished\":\"2018-05-15T19:56:55+00:00\",\"dateModified\":\"2021-09-16T03:25:44+00:00\",\"breadcrumb\":{\"@id\":\"https:\/\/hxhotels.com.br\/fortune\/pacote-especiais\/?lang=en#breadcrumb\"},\"inLanguage\":\"pt-BR\",\"potentialAction\":[{\"@type\":\"ReadAction\",\"target\":[\"https:\/\/hxhotels.com.br\/fortune\/pacote-especiais\/?lang=en\"]}]},{\"@type\":\"BreadcrumbList\",\"@id\":\"https:\/\/hxhotels.com.br\/fortune\/pacote-especiais\/?lang=en#breadcrumb\",\"itemListElement\":[{\"@type\":\"ListItem\",\"position\":1,\"name\":\"In\\u00edcio\",\"item\":\"https:\/\/hxhotels.com.br\/fortune\/?lang=pb\"},{\"@type\":\"ListItem\",\"position\":2,\"name\":\"Promo\\u00e7\\u00f5es\"}]}]}<\/script>\n<!-- \/ Yoast SEO plugin. -->","yoast_head_json":{"title":"Promo\u00e7\u00f5es - H4 Hotel Fortune Jardins","robots":{"index":"index","follow":"follow","max-snippet":"max-snippet:-1","max-image-preview":"max-image-preview:large","max-video-preview":"max-video-preview:-1"},"canonical":"https:\/\/hxhotels.com.br\/fortune\/pacote-especiais\/?lang=en","og_locale":"pt_BR","og_type":"article","og_title":"Promo\u00e7\u00f5es - H4 Hotel Fortune Jardins","og_description":"Reserva direta Al\u00e9m de sempre garantirmos a melhor tarifa dispon\u00edvel, agora voc\u00ea pode contar tamb\u00e9m com 5% de desconto para as reservas feitas diretamente na nossa central de reservas. Utilize o c\u00f3digo: HXLOVERM\u00ednimo de 3 noites Temos uma excelente condi\u00e7\u00e3o para voc\u00ea que pretende ficar pelo menos 3 noites em nosso hotel! Se ainda tinha [&hellip;]","og_url":"https:\/\/hxhotels.com.br\/fortune\/pacote-especiais\/?lang=en","og_site_name":"H4 Hotel Fortune Jardins","article_modified_time":"2021-09-16T03:25:44+00:00","twitter_card":"summary","twitter_misc":{"Est. tempo de leitura":"3 minutos"},"schema":{"@context":"https:\/\/schema.org","@graph":[{"@type":"WebSite","@id":"https:\/\/hxhotels.com.br\/fortune\/#website","url":"https:\/\/hxhotels.com.br\/fortune\/","name":"H4 Hotel Fortune Jardins","description":"Hotel em S\u00e3o Paulo - Jardins","potentialAction":[{"@type":"SearchAction","target":{"@type":"EntryPoint","urlTemplate":"https:\/\/hxhotels.com.br\/fortune\/?s={search_term_string}"},"query-input":"required name=search_term_string"}],"inLanguage":"pt-BR"},{"@type":"WebPage","@id":"https:\/\/hxhotels.com.br\/fortune\/pacote-especiais\/?lang=en#webpage","url":"https:\/\/hxhotels.com.br\/fortune\/pacote-especiais\/?lang=en","name":"Promo\u00e7\u00f5es - H4 Hotel Fortune Jardins","isPartOf":{"@id":"https:\/\/hxhotels.com.br\/fortune\/#website"},"datePublished":"2018-05-15T19:56:55+00:00","dateModified":"2021-09-16T03:25:44+00:00","breadcrumb":{"@id":"https:\/\/hxhotels.com.br\/fortune\/pacote-especiais\/?lang=en#breadcrumb"},"inLanguage":"pt-BR","potentialAction":[{"@type":"ReadAction","target":["https:\/\/hxhotels.com.br\/fortune\/pacote-especiais\/?lang=en"]}]},{"@type":"BreadcrumbList","@id":"https:\/\/hxhotels.com.br\/fortune\/pacote-especiais\/?lang=en#breadcrumb","itemListElement":[{"@type":"ListItem","position":1,"name":"In\u00edcio","item":"https:\/\/hxhotels.com.br\/fortune\/?lang=pb"},{"@type":"ListItem","position":2,"name":"Promo\u00e7\u00f5es"}]}]}},"_links":{"self":[{"href":"https:\/\/hxhotels.com.br\/fortune\/wp-json\/wp\/v2\/pages\/951"}],"collection":[{"href":"https:\/\/hxhotels.com.br\/fortune\/wp-json\/wp\/v2\/pages"}],"about":[{"href":"https:\/\/hxhotels.com.br\/fortune\/wp-json\/wp\/v2\/types\/page"}],"author":[{"embeddable":true,"href":"https:\/\/hxhotels.com.br\/fortune\/wp-json\/wp\/v2\/users\/1"}],"replies":[{"embeddable":true,"href":"https:\/\/hxhotels.com.br\/fortune\/wp-json\/wp\/v2\/comments?post=951"}],"version-history":[{"count":29,"href":"https:\/\/hxhotels.com.br\/fortune\/wp-json\/wp\/v2\/pages\/951\/revisions"}],"predecessor-version":[{"id":2001,"href":"https:\/\/hxhotels.com.br\/fortune\/wp-json\/wp\/v2\/pages\/951\/revisions\/2001"}],"wp:attachment":[{"href":"https:\/\/hxhotels.com.br\/fortune\/wp-json\/wp\/v2\/media?parent=951"}],"curies":[{"name":"wp","href":"https:\/\/api.w.org\/{rel}","templated":true}]}}