{"id":771,"date":"2018-05-10T18:58:24","date_gmt":"2018-05-10T18:58:24","guid":{"rendered":"http:\/\/okupe.provisorio.ws\/hostel-em-sao-paulo\/?page_id=771"},"modified":"2021-09-16T03:26:55","modified_gmt":"2021-09-16T03:26:55","slug":"localizacao","status":"publish","type":"page","link":"https:\/\/hxhotels.com.br\/fortune\/localizacao\/?lang=pb","title":{"rendered":"Localiza\u00e7\u00e3o"},"content":{"rendered":"<p>[et_pb_section fb_built=&#8221;1&#8243; _builder_version=&#8221;3.22&#8243; custom_padding=&#8221;||0px|&#8221; custom_css_main_element=&#8221;height: auto !important;&#8221; locked=&#8221;off&#8221; global_colors_info=&#8221;{}&#8221;][et_pb_row _builder_version=&#8221;3.25&#8243; background_size=&#8221;initial&#8221; background_position=&#8221;top_left&#8221; background_repeat=&#8221;repeat&#8221; custom_padding=&#8221;||6px|||&#8221; global_colors_info=&#8221;{}&#8221;][et_pb_column type=&#8221;4_4&#8243; _builder_version=&#8221;3.25&#8243; custom_padding=&#8221;|||&#8221; global_colors_info=&#8221;{}&#8221; custom_padding__hover=&#8221;|||&#8221;][et_pb_divider color=&#8221;#ffffff&#8221; _builder_version=&#8221;4.10.7&#8243; height=&#8221;1px&#8221; global_colors_info=&#8221;{}&#8221;][\/et_pb_divider][\/et_pb_column][\/et_pb_row][\/et_pb_section][et_pb_section fb_built=&#8221;1&#8243; fullwidth=&#8221;on&#8221; _builder_version=&#8221;3.22&#8243; custom_css_main_element=&#8221;height: auto !important;&#8221; global_colors_info=&#8221;{}&#8221;][et_pb_fullwidth_header title=&#8221;%91:pb%93Rua Haddock Lobo, 804 &#8211; Jardim Paulista &#8211; S\u00e3o Paulo%91:en%93804 Rua Haddock Lobo &#8211; Jardim Paulista &#8211; Sao Paulo &#8211; Brazil%91:%93&#8243; text_orientation=&#8221;center&#8221; _builder_version=&#8221;4.10.7&#8243; title_text_align=&#8221;center&#8221; title_font_size=&#8221;28px&#8221; title_line_height=&#8221;1.7em&#8221; content_text_align=&#8221;center&#8221; subhead_font_size=&#8221;19px&#8221; subhead_line_height=&#8221;1.7em&#8221; background_color=&#8221;#7ebec5&#8243; background_image=&#8221;https:\/\/hxhotels.com.br\/fortune\/wp-content\/uploads\/2016\/01\/bg_localizacao.png&#8221; parallax=&#8221;on&#8221; parallax_method=&#8221;on&#8221; hover_enabled=&#8221;0&#8243; global_colors_info=&#8221;{}&#8221; button_one_text_size__hover_enabled=&#8221;off&#8221; button_two_text_size__hover_enabled=&#8221;off&#8221; button_one_text_color__hover_enabled=&#8221;off&#8221; button_two_text_color__hover_enabled=&#8221;off&#8221; button_one_border_width__hover_enabled=&#8221;off&#8221; button_two_border_width__hover_enabled=&#8221;off&#8221; button_one_border_color__hover_enabled=&#8221;off&#8221; button_two_border_color__hover_enabled=&#8221;off&#8221; button_one_border_radius__hover_enabled=&#8221;off&#8221; button_two_border_radius__hover_enabled=&#8221;off&#8221; button_one_letter_spacing__hover_enabled=&#8221;off&#8221; button_two_letter_spacing__hover_enabled=&#8221;off&#8221; button_one_bg_color__hover_enabled=&#8221;off&#8221; button_two_bg_color__hover_enabled=&#8221;off&#8221; sticky_enabled=&#8221;0&#8243;]<\/p>\n<p>Esteja perto de tudo! Fique a duas quadras da Avenida Paulista, Esta\u00e7\u00f5es de metr\u00f4 (Consola\u00e7\u00e3o e Paulista) Museus, Shopping centers, Lojas e Restaurantes!<\/p>\n<p>&nbsp;<\/p>\n<p class=\"p1\">[\/et_pb_fullwidth_header][\/et_pb_section][et_pb_section fb_built=&#8221;1&#8243; fullwidth=&#8221;on&#8221; _builder_version=&#8221;3.22&#8243; global_colors_info=&#8221;{}&#8221;][et_pb_fullwidth_code _builder_version=&#8221;4.10.7&#8243; global_colors_info=&#8221;{}&#8221;]<iframe src=\"https:\/\/www.google.com\/maps\/embed?pb=!1m18!1m12!1m3!1d3657.2602892986547!2d-46.66548988502228!3d-23.559093384683973!2m3!1f0!2f0!3f0!3m2!1i1024!2i768!4f13.1!3m3!1m2!1s0x94ce59d2de1aafe7%3A0x6e3d15812f01cb8!2sFortune%20Residence!5e0!3m2!1spt-BR!2sbr!4v1631754462964!5m2!1spt-BR!2sbr\" width=\"100%\" height=\"450\" style=\"border:0;\" allowfullscreen=\"\" loading=\"lazy\"><\/iframe>[\/et_pb_fullwidth_code][\/et_pb_section][et_pb_section fb_built=&#8221;1&#8243; disabled_on=&#8221;on|on|on&#8221; _builder_version=&#8221;3.22&#8243; custom_padding=&#8221;0|0px|0|0px|false|false&#8221; disabled=&#8221;on&#8221; global_colors_info=&#8221;{}&#8221;][et_pb_row _builder_version=&#8221;3.25&#8243; background_size=&#8221;initial&#8221; background_position=&#8221;top_left&#8221; background_repeat=&#8221;repeat&#8221; custom_padding=&#8221;40px|0px|10px|0px|false|false&#8221; global_colors_info=&#8221;{}&#8221;][et_pb_column type=&#8221;4_4&#8243; _builder_version=&#8221;3.25&#8243; custom_padding=&#8221;|||&#8221; global_colors_info=&#8221;{}&#8221; custom_padding__hover=&#8221;|||&#8221;][et_pb_text _builder_version=&#8221;3.27.4&#8243; text_font_size=&#8221;17px&#8221; header_font_size=&#8221;33px&#8221; global_colors_info=&#8221;{}&#8221;]<\/p>\n<h2 style=\"text-align: center;\">Pontos de interesse<\/h2>\n<p style=\"text-align: center;\">Veja abaixo como chegar do H4 Opera Jardins a diversos pontos da cidade:<\/p>\n<p>[\/et_pb_text][\/et_pb_column][\/et_pb_row][et_pb_row column_structure=&#8221;1_3,1_3,1_3&#8243; _builder_version=&#8221;3.25&#8243; background_size=&#8221;initial&#8221; background_position=&#8221;top_left&#8221; background_repeat=&#8221;repeat&#8221; global_colors_info=&#8221;{}&#8221;][et_pb_column type=&#8221;1_3&#8243; _builder_version=&#8221;3.25&#8243; custom_padding=&#8221;|||&#8221; global_colors_info=&#8221;{}&#8221; custom_padding__hover=&#8221;|||&#8221;][et_pb_blurb title=&#8221;Fecom\u00e9rcio&#8221; url_new_window=&#8221;on&#8221; image=&#8221;https:\/\/hxhotels.com.br\/fortune\/wp-content\/uploads\/2016\/01\/17_fecomercio.png&#8221; icon_placement=&#8221;left&#8221; admin_label=&#8221;Fecom\u00e9rcio&#8221; _builder_version=&#8221;3.2.2&#8243; border_color_all_image=&#8221;#ffffff&#8221; border_style_all_image=&#8221;none&#8221; global_colors_info=&#8221;{}&#8221;]14 minutos de carro<\/p>\n<p><a href=\"https:\/\/bit.ly\/2YOfbzX\" target=\"_blank\" rel=\"noopener\"><img loading=\"lazy\" class=\"alignnone wp-image-246 size-full\" src=\"https:\/\/hxhotels.com.br\/fortune\/wp-content\/uploads\/2019\/10\/Check-on-Google.png\" alt=\"bt_vernogoogle\" width=\"89\" height=\"20\" \/><\/a><br \/>\n[\/et_pb_blurb][et_pb_blurb title=&#8221;USP&#8221; url_new_window=&#8221;on&#8221; image=&#8221;https:\/\/hxhotels.com.br\/fortune\/wp-content\/uploads\/2016\/01\/20_USP.png&#8221; icon_placement=&#8221;left&#8221; admin_label=&#8221;USP&#8221; _builder_version=&#8221;3.2.2&#8243; border_color_all_image=&#8221;#ffffff&#8221; border_style_all_image=&#8221;none&#8221; global_colors_info=&#8221;{}&#8221;]27 minutos de carro<\/p>\n<p><a href=\"https:\/\/bit.ly\/2FPiCh3\" target=\"_blank\" rel=\"noopener\"><img loading=\"lazy\" class=\"alignnone wp-image-246 size-full\" src=\"https:\/\/hxhotels.com.br\/fortune\/wp-content\/uploads\/2019\/10\/Check-on-Google.png\" alt=\"bt_vernogoogle\" width=\"89\" height=\"20\" \/><\/a><br \/>\n[\/et_pb_blurb][et_pb_blurb title=&#8221;Hotel Renaissance&#8221; url_new_window=&#8221;on&#8221; image=&#8221;https:\/\/hxhotels.com.br\/fortune\/wp-content\/uploads\/2019\/04\/10_hotelrenaissance.png&#8221; icon_placement=&#8221;left&#8221; admin_label=&#8221;Hotel Renaissance&#8221; _builder_version=&#8221;3.2.2&#8243; border_color_all_image=&#8221;#ffffff&#8221; border_style_all_image=&#8221;none&#8221; global_colors_info=&#8221;{}&#8221;]11 minutos a p\u00e9<\/p>\n<p><a href=\"https:\/\/bit.ly\/2OQt1Nw\" target=\"_blank\" rel=\"noopener\"><img loading=\"lazy\" class=\"alignnone wp-image-246 size-full\" src=\"https:\/\/hxhotels.com.br\/fortune\/wp-content\/uploads\/2019\/10\/Check-on-Google.png\" alt=\"bt_vernogoogle\" width=\"89\" height=\"20\" \/><\/a><br \/>\n[\/et_pb_blurb][et_pb_blurb title=&#8221;Terminal Rodovi\u00e1rio Tiete &#8221; url_new_window=&#8221;on&#8221; image=&#8221;https:\/\/hxhotels.com.br\/fortune\/wp-content\/uploads\/2019\/04\/05_tiete.png&#8221; icon_placement=&#8221;left&#8221; admin_label=&#8221;Terminal Rodovi\u00e1rio Tiete &#8221; _builder_version=&#8221;3.2.2&#8243; border_color_all_image=&#8221;#ffffff&#8221; border_style_all_image=&#8221;none&#8221; global_colors_info=&#8221;{}&#8221;]34 minutos de carro<\/p>\n<p><a href=\"https:\/\/bit.ly\/2TYqXEt\" target=\"_blank\" rel=\"noopener\"><img loading=\"lazy\" class=\"alignnone wp-image-246 size-full\" src=\"https:\/\/hxhotels.com.br\/fortune\/wp-content\/uploads\/2019\/10\/Check-on-Google.png\" alt=\"bt_vernogoogle\" width=\"89\" height=\"20\" \/><\/a><br \/>\n[\/et_pb_blurb][et_pb_blurb title=&#8221;Aeroporto de Congonhas&#8221; url_new_window=&#8221;on&#8221; image=&#8221;https:\/\/hxhotels.com.br\/fortune\/wp-content\/uploads\/2019\/04\/01_congonhas.png&#8221; icon_placement=&#8221;left&#8221; admin_label=&#8221;Congonhas&#8221; _builder_version=&#8221;3.2.2&#8243; border_color_all_image=&#8221;#ffffff&#8221; border_style_all_image=&#8221;none&#8221; global_colors_info=&#8221;{}&#8221;]54 minutos de carro<\/p>\n<p><a href=\"https:\/\/bit.ly\/2UhQWvu\" target=\"_blank\" rel=\"noopener\"><img loading=\"lazy\" class=\"alignnone wp-image-246 size-full\" src=\"https:\/\/hxhotels.com.br\/fortune\/wp-content\/uploads\/2019\/10\/Check-on-Google.png\" alt=\"bt_vernogoogle\" width=\"89\" height=\"20\" \/><\/a><br \/>\n[\/et_pb_blurb][et_pb_blurb title=&#8221;Aeroporto Internacional de Guarulhos&#8221; url_new_window=&#8221;on&#8221; image=&#8221;https:\/\/hxhotels.com.br\/fortune\/wp-content\/uploads\/2019\/04\/04_cumbica.png&#8221; icon_placement=&#8221;left&#8221; admin_label=&#8221;Aeroporto Internacional de Guarulhos&#8221; _builder_version=&#8221;3.2.2&#8243; border_color_all_image=&#8221;#ffffff&#8221; border_style_all_image=&#8221;none&#8221; global_colors_info=&#8221;{}&#8221;]57 minutos de carro<\/p>\n<p><a href=\"https:\/\/bit.ly\/2CU2jio\" target=\"_blank\" rel=\"noopener\"><img loading=\"lazy\" class=\"alignnone wp-image-246 size-full\" src=\"https:\/\/hxhotels.com.br\/fortune\/wp-content\/uploads\/2019\/10\/Check-on-Google.png\" alt=\"bt_vernogoogle\" width=\"89\" height=\"20\" \/><\/a><br \/>\n[\/et_pb_blurb][\/et_pb_column][et_pb_column type=&#8221;1_3&#8243; _builder_version=&#8221;3.25&#8243; custom_padding=&#8221;|||&#8221; global_colors_info=&#8221;{}&#8221; custom_padding__hover=&#8221;|||&#8221;][et_pb_blurb title=&#8221;Masp &#8221; url_new_window=&#8221;on&#8221; image=&#8221;https:\/\/hxhotels.com.br\/fortune\/wp-content\/uploads\/2021\/06\/06_masp.png&#8221; icon_placement=&#8221;left&#8221; admin_label=&#8221;Masp &#8221; _builder_version=&#8221;3.2.2&#8243; border_color_all_image=&#8221;#ffffff&#8221; border_style_all_image=&#8221;none&#8221; global_colors_info=&#8221;{}&#8221;]23 minutos a p\u00e9<\/p>\n<p><a href=\"https:\/\/bit.ly\/2G0PpRN\" target=\"_blank\" rel=\"noopener\"><img loading=\"lazy\" class=\"alignnone wp-image-246 size-full\" src=\"https:\/\/hxhotels.com.br\/fortune\/wp-content\/uploads\/2019\/10\/Check-on-Google.png\" alt=\"bt_vernogoogle\" width=\"89\" height=\"20\" \/><\/a><br \/>\n[\/et_pb_blurb][et_pb_blurb title=&#8221;Oscar Freire&#8221; url_new_window=&#8221;on&#8221; image=&#8221;https:\/\/hxhotels.com.br\/fortune\/wp-content\/uploads\/2019\/04\/07_oscarfreire.png&#8221; icon_placement=&#8221;left&#8221; admin_label=&#8221;Oscar Freire&#8221; _builder_version=&#8221;3.2.2&#8243; border_color_all_image=&#8221;#ffffff&#8221; border_style_all_image=&#8221;none&#8221; global_colors_info=&#8221;{}&#8221;]9 minutos a p\u00e9<\/p>\n<p><a href=\"https:\/\/bit.ly\/2K2NrnQ\" target=\"_blank\" rel=\"noopener\"><img loading=\"lazy\" class=\"alignnone wp-image-246 size-full\" src=\"https:\/\/hxhotels.com.br\/fortune\/wp-content\/uploads\/2019\/10\/Check-on-Google.png\" alt=\"bt_vernogoogle\" width=\"89\" height=\"20\" \/><\/a><br \/>\n[\/et_pb_blurb][et_pb_blurb title=&#8221;Shopping Center 3&#8243; url_new_window=&#8221;on&#8221; image=&#8221;https:\/\/hxhotels.com.br\/fortune\/wp-content\/uploads\/2019\/04\/09_center3.png&#8221; icon_placement=&#8221;left&#8221; admin_label=&#8221;Shopping Center 3&#8243; _builder_version=&#8221;3.2.2&#8243; border_color_all_image=&#8221;#ffffff&#8221; border_style_all_image=&#8221;none&#8221; global_colors_info=&#8221;{}&#8221;]18 minutos a p\u00e9<\/p>\n<p><a href=\"https:\/\/bit.ly\/2IcZGfe\" target=\"_blank\" rel=\"noopener\"><img loading=\"lazy\" class=\"alignnone wp-image-246 size-full\" src=\"https:\/\/hxhotels.com.br\/fortune\/wp-content\/uploads\/2019\/10\/Check-on-Google.png\" alt=\"bt_vernogoogle\" width=\"89\" height=\"20\" \/><\/a><br \/>\n[\/et_pb_blurb][et_pb_blurb title=&#8221;Metr\u00f4 Consola\u00e7\u00e3o&#8221; url_new_window=&#8221;on&#8221; image=&#8221;https:\/\/hxhotels.com.br\/fortune\/wp-content\/uploads\/2019\/04\/02_metroconsolacao.png&#8221; icon_placement=&#8221;left&#8221; admin_label=&#8221;Metr\u00f4 Consola\u00e7\u00e3o&#8221; _builder_version=&#8221;3.2.2&#8243; border_color_all_image=&#8221;#ffffff&#8221; border_style_all_image=&#8221;none&#8221; global_colors_info=&#8221;{}&#8221;]15 minutos a p\u00e9<\/p>\n<p><a href=\"https:\/\/bit.ly\/2K6dmuX\" target=\"_blank\" rel=\"noopener\"><img loading=\"lazy\" class=\"alignnone wp-image-246 size-full\" src=\"https:\/\/hxhotels.com.br\/fortune\/wp-content\/uploads\/2019\/10\/Check-on-Google.png\" alt=\"bt_vernogoogle\" width=\"89\" height=\"20\" \/><\/a><br \/>\n[\/et_pb_blurb][et_pb_blurb title=&#8221;Esta\u00e7\u00e3o Barra Funda&#8221; url_new_window=&#8221;on&#8221; image=&#8221;https:\/\/hxhotels.com.br\/fortune\/wp-content\/uploads\/2019\/04\/03_barrafunda.png&#8221; icon_placement=&#8221;left&#8221; admin_label=&#8221;Esta\u00e7\u00e3o Barra Funda&#8221; _builder_version=&#8221;3.2.2&#8243; border_color_all_image=&#8221;#ffffff&#8221; border_style_all_image=&#8221;none&#8221; global_colors_info=&#8221;{}&#8221;]21 minutos de carro<\/p>\n<p><a href=\"https:\/\/bit.ly\/2FOQfzN\" target=\"_blank\" rel=\"noopener\"><img loading=\"lazy\" class=\"alignnone wp-image-246 size-full\" src=\"https:\/\/hxhotels.com.br\/fortune\/wp-content\/uploads\/2019\/10\/Check-on-Google.png\" alt=\"bt_vernogoogle\" width=\"89\" height=\"20\" \/><\/a><br \/>\n[\/et_pb_blurb][\/et_pb_column][et_pb_column type=&#8221;1_3&#8243; _builder_version=&#8221;3.25&#8243; custom_padding=&#8221;|||&#8221; global_colors_info=&#8221;{}&#8221; custom_padding__hover=&#8221;|||&#8221;][et_pb_blurb title=&#8221;Anhembi&#8221; url_new_window=&#8221;on&#8221; image=&#8221;https:\/\/hxhotels.com.br\/fortune\/wp-content\/uploads\/2016\/01\/12_anhembi.png&#8221; icon_placement=&#8221;left&#8221; admin_label=&#8221;Anhembi&#8221; _builder_version=&#8221;3.2.2&#8243; border_color_all_image=&#8221;#ffffff&#8221; border_style_all_image=&#8221;none&#8221; global_colors_info=&#8221;{}&#8221;]30 minutos de carro<\/p>\n<p><a href=\"https:\/\/bit.ly\/2Vibxw5\" target=\"_blank\" rel=\"noopener\"><img loading=\"lazy\" class=\"alignnone wp-image-246 size-full\" src=\"https:\/\/hxhotels.com.br\/fortune\/wp-content\/uploads\/2019\/10\/Check-on-Google.png\" alt=\"bt_vernogoogle\" width=\"89\" height=\"20\" \/><\/a><br \/>\n[\/et_pb_blurb][et_pb_blurb title=&#8221;Est\u00e1dio do Morumbi&#8221; url_new_window=&#8221;on&#8221; image=&#8221;https:\/\/hxhotels.com.br\/fortune\/wp-content\/uploads\/2016\/01\/11_estadiodomorumbi.png&#8221; icon_placement=&#8221;left&#8221; admin_label=&#8221;Est\u00e1dio do Morumbi&#8221; _builder_version=&#8221;3.2.2&#8243; border_color_all_image=&#8221;#ffffff&#8221; border_style_all_image=&#8221;none&#8221; global_colors_info=&#8221;{}&#8221;]33 minutos de carro<\/p>\n<div class=\"et_pb_blurb_description\">\n<p><a href=\"https:\/\/bit.ly\/2TSEBc9\" target=\"_blank\" rel=\"noopener\"><img loading=\"lazy\" class=\"alignnone wp-image-246 size-full\" src=\"https:\/\/hxhotels.com.br\/fortune\/wp-content\/uploads\/2019\/10\/Check-on-Google.png\" alt=\"bt_vernogoogle\" width=\"89\" height=\"20\" \/><\/a><\/p>\n<\/div>\n<p>&nbsp;<br \/>\n[\/et_pb_blurb][et_pb_blurb title=&#8221;Conjunto Nacional&#8221; url_new_window=&#8221;on&#8221; image=&#8221;https:\/\/hxhotels.com.br\/fortune\/wp-content\/uploads\/2019\/04\/08_conjuntonacional-1.png&#8221; icon_placement=&#8221;left&#8221; admin_label=&#8221;Conjunto Nacional&#8221; _builder_version=&#8221;3.2.2&#8243; border_color_all_image=&#8221;#ffffff&#8221; border_style_all_image=&#8221;none&#8221; global_colors_info=&#8221;{}&#8221;]15 minutos a p\u00e9<\/p>\n<p><a href=\"https:\/\/bit.ly\/2OP2wID\" target=\"_blank\" rel=\"noopener\"><img loading=\"lazy\" class=\"alignnone wp-image-246 size-full\" src=\"https:\/\/hxhotels.com.br\/fortune\/wp-content\/uploads\/2019\/10\/Check-on-Google.png\" alt=\"bt_vernogoogle\" width=\"89\" height=\"20\" \/><\/a><br \/>\n[\/et_pb_blurb][et_pb_blurb title=&#8221;Hospital S\u00edrio Liban\u00eas&#8221; url_new_window=&#8221;on&#8221; image=&#8221;https:\/\/hxhotels.com.br\/fortune\/wp-content\/uploads\/2019\/04\/19_siriolibanes.png&#8221; icon_placement=&#8221;left&#8221; admin_label=&#8221;Hospital S\u00edrio Liban\u00eas&#8221; _builder_version=&#8221;3.2.2&#8243; border_color_all_image=&#8221;#ffffff&#8221; border_style_all_image=&#8221;none&#8221; global_colors_info=&#8221;{}&#8221;]14 minutos de carro<\/p>\n<p><a href=\"https:\/\/bit.ly\/2CZNWsQ\" target=\"_blank\" rel=\"noopener\"><img loading=\"lazy\" class=\"alignnone wp-image-246 size-full\" src=\"https:\/\/hxhotels.com.br\/fortune\/wp-content\/uploads\/2019\/10\/Check-on-Google.png\" alt=\"bt_vernogoogle\" width=\"89\" height=\"20\" \/><\/a><br \/>\n[\/et_pb_blurb][et_pb_blurb title=&#8221;Centro Exposi\u00e7\u00f5es Imigrantes&#8221; url_new_window=&#8221;on&#8221; image=&#8221;https:\/\/hxhotels.com.br\/fortune\/wp-content\/uploads\/2019\/04\/18_centrodeexposicoesimigrantes.png&#8221; icon_placement=&#8221;left&#8221; admin_label=&#8221;Centro Exposi\u00e7\u00f5es Imigrantes&#8221; _builder_version=&#8221;3.2.2&#8243; border_color_all_image=&#8221;#ffffff&#8221; border_style_all_image=&#8221;none&#8221; global_colors_info=&#8221;{}&#8221;]47 minutos de carro<\/p>\n<p><a href=\"https:\/\/bit.ly\/2uNn3UC\" target=\"_blank\" rel=\"noopener\"><img loading=\"lazy\" class=\"alignnone wp-image-246 size-full\" src=\"https:\/\/hxhotels.com.br\/fortune\/wp-content\/uploads\/2019\/10\/Check-on-Google.png\" alt=\"bt_vernogoogle\" width=\"89\" height=\"20\" \/><\/a><br \/>\n[\/et_pb_blurb][\/et_pb_column][\/et_pb_row][\/et_pb_section]<\/p>","protected":false},"excerpt":{"rendered":"<p>Esteja perto de tudo! Fique a duas quadras da Avenida Paulista, Esta\u00e7\u00f5es de metr\u00f4 (Consola\u00e7\u00e3o e Paulista) Museus, Shopping centers, Lojas e Restaurantes! &nbsp; Pontos de interesse Veja abaixo como chegar do H4 Opera Jardins a diversos pontos da cidade: 14 minutos de carro 27 minutos de carro 11 minutos a p\u00e9 34 minutos de [&hellip;]<\/p>\n","protected":false},"author":1,"featured_media":0,"parent":0,"menu_order":0,"comment_status":"closed","ping_status":"closed","template":"","meta":{"_et_pb_use_builder":"on","_et_pb_old_content":"","_et_gb_content_width":""},"yoast_head":"<!-- This site is optimized with the Yoast SEO plugin v17.1 - https:\/\/yoast.com\/wordpress\/plugins\/seo\/ -->\n<title>Localiza\u00e7\u00e3o - H4 Hotel Fortune Jardins<\/title>\n<meta name=\"robots\" content=\"index, follow, max-snippet:-1, max-image-preview:large, max-video-preview:-1\" \/>\n<link rel=\"canonical\" href=\"https:\/\/hxhotels.com.br\/fortune\/localizacao\/?lang=en\" \/>\n<meta property=\"og:locale\" content=\"pt_BR\" \/>\n<meta property=\"og:type\" content=\"article\" \/>\n<meta property=\"og:title\" content=\"Localiza\u00e7\u00e3o - H4 Hotel Fortune Jardins\" \/>\n<meta property=\"og:description\" content=\"Esteja perto de tudo! Fique a duas quadras da Avenida Paulista, Esta\u00e7\u00f5es de metr\u00f4 (Consola\u00e7\u00e3o e Paulista) Museus, Shopping centers, Lojas e Restaurantes! &nbsp; Pontos de interesse Veja abaixo como chegar do H4 Opera Jardins a diversos pontos da cidade: 14 minutos de carro 27 minutos de carro 11 minutos a p\u00e9 34 minutos de [&hellip;]\" \/>\n<meta property=\"og:url\" content=\"https:\/\/hxhotels.com.br\/fortune\/localizacao\/?lang=en\" \/>\n<meta property=\"og:site_name\" content=\"H4 Hotel Fortune Jardins\" \/>\n<meta property=\"article:modified_time\" content=\"2021-09-16T03:26:55+00:00\" \/>\n<meta property=\"og:image\" content=\"https:\/\/hxhotels.com.br\/fortune\/wp-content\/uploads\/2019\/10\/Check-on-Google.png\" \/>\n<meta name=\"twitter:card\" content=\"summary\" \/>\n<meta name=\"twitter:label1\" content=\"Est. tempo de leitura\" \/>\n\t<meta name=\"twitter:data1\" content=\"7 minutos\" \/>\n<script type=\"application\/ld+json\" class=\"yoast-schema-graph\">{\"@context\":\"https:\/\/schema.org\",\"@graph\":[{\"@type\":\"WebSite\",\"@id\":\"https:\/\/hxhotels.com.br\/fortune\/#website\",\"url\":\"https:\/\/hxhotels.com.br\/fortune\/\",\"name\":\"H4 Hotel Fortune Jardins\",\"description\":\"Hotel em S\\u00e3o Paulo - Jardins\",\"potentialAction\":[{\"@type\":\"SearchAction\",\"target\":{\"@type\":\"EntryPoint\",\"urlTemplate\":\"https:\/\/hxhotels.com.br\/fortune\/?s={search_term_string}\"},\"query-input\":\"required name=search_term_string\"}],\"inLanguage\":\"pt-BR\"},{\"@type\":\"ImageObject\",\"@id\":\"https:\/\/hxhotels.com.br\/fortune\/localizacao\/?lang=en#primaryimage\",\"inLanguage\":\"pt-BR\",\"url\":\"https:\/\/hxhotels.com.br\/fortune\/wp-content\/uploads\/2019\/10\/Check-on-Google.png\",\"contentUrl\":\"https:\/\/hxhotels.com.br\/fortune\/wp-content\/uploads\/2019\/10\/Check-on-Google.png\"},{\"@type\":\"WebPage\",\"@id\":\"https:\/\/hxhotels.com.br\/fortune\/localizacao\/?lang=en#webpage\",\"url\":\"https:\/\/hxhotels.com.br\/fortune\/localizacao\/?lang=en\",\"name\":\"Localiza\\u00e7\\u00e3o - H4 Hotel Fortune Jardins\",\"isPartOf\":{\"@id\":\"https:\/\/hxhotels.com.br\/fortune\/#website\"},\"primaryImageOfPage\":{\"@id\":\"https:\/\/hxhotels.com.br\/fortune\/localizacao\/?lang=en#primaryimage\"},\"datePublished\":\"2018-05-10T18:58:24+00:00\",\"dateModified\":\"2021-09-16T03:26:55+00:00\",\"breadcrumb\":{\"@id\":\"https:\/\/hxhotels.com.br\/fortune\/localizacao\/?lang=en#breadcrumb\"},\"inLanguage\":\"pt-BR\",\"potentialAction\":[{\"@type\":\"ReadAction\",\"target\":[\"https:\/\/hxhotels.com.br\/fortune\/localizacao\/?lang=en\"]}]},{\"@type\":\"BreadcrumbList\",\"@id\":\"https:\/\/hxhotels.com.br\/fortune\/localizacao\/?lang=en#breadcrumb\",\"itemListElement\":[{\"@type\":\"ListItem\",\"position\":1,\"name\":\"In\\u00edcio\",\"item\":\"https:\/\/hxhotels.com.br\/fortune\/?lang=pb\"},{\"@type\":\"ListItem\",\"position\":2,\"name\":\"Localiza\\u00e7\\u00e3o\"}]}]}<\/script>\n<!-- \/ Yoast SEO plugin. -->","yoast_head_json":{"title":"Localiza\u00e7\u00e3o - H4 Hotel Fortune Jardins","robots":{"index":"index","follow":"follow","max-snippet":"max-snippet:-1","max-image-preview":"max-image-preview:large","max-video-preview":"max-video-preview:-1"},"canonical":"https:\/\/hxhotels.com.br\/fortune\/localizacao\/?lang=en","og_locale":"pt_BR","og_type":"article","og_title":"Localiza\u00e7\u00e3o - H4 Hotel Fortune Jardins","og_description":"Esteja perto de tudo! Fique a duas quadras da Avenida Paulista, Esta\u00e7\u00f5es de metr\u00f4 (Consola\u00e7\u00e3o e Paulista) Museus, Shopping centers, Lojas e Restaurantes! &nbsp; Pontos de interesse Veja abaixo como chegar do H4 Opera Jardins a diversos pontos da cidade: 14 minutos de carro 27 minutos de carro 11 minutos a p\u00e9 34 minutos de [&hellip;]","og_url":"https:\/\/hxhotels.com.br\/fortune\/localizacao\/?lang=en","og_site_name":"H4 Hotel Fortune Jardins","article_modified_time":"2021-09-16T03:26:55+00:00","og_image":[{"url":"https:\/\/hxhotels.com.br\/fortune\/wp-content\/uploads\/2019\/10\/Check-on-Google.png"}],"twitter_card":"summary","twitter_misc":{"Est. tempo de leitura":"7 minutos"},"schema":{"@context":"https:\/\/schema.org","@graph":[{"@type":"WebSite","@id":"https:\/\/hxhotels.com.br\/fortune\/#website","url":"https:\/\/hxhotels.com.br\/fortune\/","name":"H4 Hotel Fortune Jardins","description":"Hotel em S\u00e3o Paulo - Jardins","potentialAction":[{"@type":"SearchAction","target":{"@type":"EntryPoint","urlTemplate":"https:\/\/hxhotels.com.br\/fortune\/?s={search_term_string}"},"query-input":"required name=search_term_string"}],"inLanguage":"pt-BR"},{"@type":"ImageObject","@id":"https:\/\/hxhotels.com.br\/fortune\/localizacao\/?lang=en#primaryimage","inLanguage":"pt-BR","url":"https:\/\/hxhotels.com.br\/fortune\/wp-content\/uploads\/2019\/10\/Check-on-Google.png","contentUrl":"https:\/\/hxhotels.com.br\/fortune\/wp-content\/uploads\/2019\/10\/Check-on-Google.png"},{"@type":"WebPage","@id":"https:\/\/hxhotels.com.br\/fortune\/localizacao\/?lang=en#webpage","url":"https:\/\/hxhotels.com.br\/fortune\/localizacao\/?lang=en","name":"Localiza\u00e7\u00e3o - H4 Hotel Fortune Jardins","isPartOf":{"@id":"https:\/\/hxhotels.com.br\/fortune\/#website"},"primaryImageOfPage":{"@id":"https:\/\/hxhotels.com.br\/fortune\/localizacao\/?lang=en#primaryimage"},"datePublished":"2018-05-10T18:58:24+00:00","dateModified":"2021-09-16T03:26:55+00:00","breadcrumb":{"@id":"https:\/\/hxhotels.com.br\/fortune\/localizacao\/?lang=en#breadcrumb"},"inLanguage":"pt-BR","potentialAction":[{"@type":"ReadAction","target":["https:\/\/hxhotels.com.br\/fortune\/localizacao\/?lang=en"]}]},{"@type":"BreadcrumbList","@id":"https:\/\/hxhotels.com.br\/fortune\/localizacao\/?lang=en#breadcrumb","itemListElement":[{"@type":"ListItem","position":1,"name":"In\u00edcio","item":"https:\/\/hxhotels.com.br\/fortune\/?lang=pb"},{"@type":"ListItem","position":2,"name":"Localiza\u00e7\u00e3o"}]}]}},"_links":{"self":[{"href":"https:\/\/hxhotels.com.br\/fortune\/wp-json\/wp\/v2\/pages\/771"}],"collection":[{"href":"https:\/\/hxhotels.com.br\/fortune\/wp-json\/wp\/v2\/pages"}],"about":[{"href":"https:\/\/hxhotels.com.br\/fortune\/wp-json\/wp\/v2\/types\/page"}],"author":[{"embeddable":true,"href":"https:\/\/hxhotels.com.br\/fortune\/wp-json\/wp\/v2\/users\/1"}],"replies":[{"embeddable":true,"href":"https:\/\/hxhotels.com.br\/fortune\/wp-json\/wp\/v2\/comments?post=771"}],"version-history":[{"count":34,"href":"https:\/\/hxhotels.com.br\/fortune\/wp-json\/wp\/v2\/pages\/771\/revisions"}],"predecessor-version":[{"id":2003,"href":"https:\/\/hxhotels.com.br\/fortune\/wp-json\/wp\/v2\/pages\/771\/revisions\/2003"}],"wp:attachment":[{"href":"https:\/\/hxhotels.com.br\/fortune\/wp-json\/wp\/v2\/media?parent=771"}],"curies":[{"name":"wp","href":"https:\/\/api.w.org\/{rel}","templated":true}]}}